{"id":211,"date":"2024-12-22T15:20:44","date_gmt":"2024-12-22T15:20:44","guid":{"rendered":"https:\/\/gitartanarfehervar.hu\/?page_id=211"},"modified":"2024-12-25T18:16:40","modified_gmt":"2024-12-25T18:16:40","slug":"impresszum","status":"publish","type":"page","link":"https:\/\/gitartanarfehervar.hu\/index.php\/impresszum\/","title":{"rendered":"Impresszum"},"content":{"rendered":"<p>[et_pb_section fb_built=&#8221;1&#8243; _builder_version=&#8221;4.27.4&#8243; _module_preset=&#8221;default&#8221; global_colors_info=&#8221;{}&#8221;][et_pb_row _builder_version=&#8221;4.27.4&#8243; _module_preset=&#8221;default&#8221; global_colors_info=&#8221;{}&#8221;][et_pb_column type=&#8221;4_4&#8243; _builder_version=&#8221;4.27.4&#8243; _module_preset=&#8221;default&#8221; global_colors_info=&#8221;{}&#8221;][et_pb_text _builder_version=&#8221;4.27.4&#8243; _module_preset=&#8221;default&#8221; global_colors_info=&#8221;{}&#8221;]<\/p>\n<h1><strong>Impresszum<\/strong><\/h1>\n<p><strong>Az Adatkezel\u0151 adatai:<br \/><\/strong><strong>N\u00e9v:<\/strong> N\u00e9meth Mikl\u00f3s<br \/><strong>Lakc\u00edm:<\/strong> 8000 \u2013 Sz\u00e9kesfeh\u00e9rv\u00e1r, L\u00f6v\u00f6lde utca 2.<br \/><strong>Post\u00e1z\u00e1si c\u00edm: <\/strong>8000 &#8211; Sz\u00e9kesfeh\u00e9rv\u00e1r, L\u00f6v\u00f6lde utca 2. II. em. 5.<br \/><strong>E-mail:<\/strong> miki@gitartanarfehervar.hu<br \/><strong>Ad\u00f3azonos\u00edt\u00f3 jel:<\/strong> 8419312673<\/p>\n<p><strong>T\u00e1rhelyszolg\u00e1ltat\u00f3:<\/strong><br \/><strong>ELIN.hu Informatikai Szolg\u00e1ltat\u00f3 \u00e9s Tan\u00e1csad\u00f3 Kft.<\/strong><\/p>\n<p><strong><\/strong>Sz\u00e9khely:\u00a09024 Gy\u0151r, D\u00e9ry T. u. 11.<\/p>\n<p>[\/et_pb_text][\/et_pb_column][\/et_pb_row][\/et_pb_section]<\/p>\n","protected":false},"excerpt":{"rendered":"<p>Impresszum Az Adatkezel\u0151 adatai:N\u00e9v: N\u00e9meth Mikl\u00f3sLakc\u00edm: 8000 \u2013 Sz\u00e9kesfeh\u00e9rv\u00e1r, L\u00f6v\u00f6lde utca 2.Post\u00e1z\u00e1si c\u00edm: 8000 &#8211; Sz\u00e9kesfeh\u00e9rv\u00e1r, L\u00f6v\u00f6lde utca 2. II. em. 5.E-mail: miki@gitartanarfehervar.huAd\u00f3azonos\u00edt\u00f3 jel: 8419312673 T\u00e1rhelyszolg\u00e1ltat\u00f3:ELIN.hu Informatikai Szolg\u00e1ltat\u00f3 \u00e9s Tan\u00e1csad\u00f3 Kft. Sz\u00e9khely:\u00a09024 Gy\u0151r, D\u00e9ry T. u. 11.<\/p>\n","protected":false},"author":1,"featured_media":0,"parent":0,"menu_order":0,"comment_status":"closed","ping_status":"closed","template":"","meta":{"_et_pb_use_builder":"on","_et_pb_old_content":"","_et_gb_content_width":"","footnotes":""},"class_list":["post-211","page","type-page","status-publish","hentry"],"yoast_head":"<!-- This site is optimized with the Yoast SEO plugin v27.3 - https:\/\/yoast.com\/product\/yoast-seo-wordpress\/ -->\n<title>Impresszum - Git\u00e1rtan\u00e1r Feh\u00e9rv\u00e1ron<\/title>\n<meta name=\"description\" content=\"Impresszum. Tulajdonos, adatkezel\u0151 szem\u00e9ly\u00e9vel kapcsolatos inform\u00e1ci\u00f3k. Olvassa el ezeket a fontos inform\u00e1ci\u00f3kat.\" \/>\n<meta name=\"robots\" content=\"index, follow, max-snippet:-1, max-image-preview:large, max-video-preview:-1\" \/>\n<link rel=\"canonical\" href=\"https:\/\/gitartanarfehervar.hu\/index.php\/impresszum\/\" \/>\n<meta property=\"og:locale\" content=\"hu_HU\" \/>\n<meta property=\"og:type\" content=\"article\" \/>\n<meta property=\"og:title\" content=\"Impresszum - Git\u00e1rtan\u00e1r Feh\u00e9rv\u00e1ron\" \/>\n<meta property=\"og:description\" content=\"Impresszum. Tulajdonos, adatkezel\u0151 szem\u00e9ly\u00e9vel kapcsolatos inform\u00e1ci\u00f3k. Olvassa el ezeket a fontos inform\u00e1ci\u00f3kat.\" \/>\n<meta property=\"og:url\" content=\"https:\/\/gitartanarfehervar.hu\/index.php\/impresszum\/\" \/>\n<meta property=\"og:site_name\" content=\"Git\u00e1rtan\u00e1r Feh\u00e9rv\u00e1ron\" \/>\n<meta property=\"article:publisher\" content=\"https:\/\/www.facebook.com\/nemeth.miklos.967\" \/>\n<meta property=\"article:modified_time\" content=\"2024-12-25T18:16:40+00:00\" \/>\n<meta name=\"twitter:card\" content=\"summary_large_image\" \/>\n<meta name=\"twitter:label1\" content=\"Becs\u00fclt olvas\u00e1si id\u0151\" \/>\n\t<meta name=\"twitter:data1\" content=\"1 perc\" \/>\n<script type=\"application\/ld+json\" class=\"yoast-schema-graph\">{\"@context\":\"https:\\\/\\\/schema.org\",\"@graph\":[{\"@type\":\"WebPage\",\"@id\":\"https:\\\/\\\/gitartanarfehervar.hu\\\/index.php\\\/impresszum\\\/\",\"url\":\"https:\\\/\\\/gitartanarfehervar.hu\\\/index.php\\\/impresszum\\\/\",\"name\":\"Impresszum - Git\u00e1rtan\u00e1r Feh\u00e9rv\u00e1ron\",\"isPartOf\":{\"@id\":\"https:\\\/\\\/gitartanarfehervar.hu\\\/#website\"},\"datePublished\":\"2024-12-22T15:20:44+00:00\",\"dateModified\":\"2024-12-25T18:16:40+00:00\",\"description\":\"Impresszum. Tulajdonos, adatkezel\u0151 szem\u00e9ly\u00e9vel kapcsolatos inform\u00e1ci\u00f3k. Olvassa el ezeket a fontos inform\u00e1ci\u00f3kat.\",\"breadcrumb\":{\"@id\":\"https:\\\/\\\/gitartanarfehervar.hu\\\/index.php\\\/impresszum\\\/#breadcrumb\"},\"inLanguage\":\"hu\",\"potentialAction\":[{\"@type\":\"ReadAction\",\"target\":[\"https:\\\/\\\/gitartanarfehervar.hu\\\/index.php\\\/impresszum\\\/\"]}]},{\"@type\":\"BreadcrumbList\",\"@id\":\"https:\\\/\\\/gitartanarfehervar.hu\\\/index.php\\\/impresszum\\\/#breadcrumb\",\"itemListElement\":[{\"@type\":\"ListItem\",\"position\":1,\"name\":\"Kezd\u0151lap\",\"item\":\"https:\\\/\\\/gitartanarfehervar.hu\\\/\"},{\"@type\":\"ListItem\",\"position\":2,\"name\":\"Impresszum\"}]},{\"@type\":\"WebSite\",\"@id\":\"https:\\\/\\\/gitartanarfehervar.hu\\\/#website\",\"url\":\"https:\\\/\\\/gitartanarfehervar.hu\\\/\",\"name\":\"Git\u00e1rtan\u00e1r Feh\u00e9rv\u00e1ron\",\"description\":\"&quot;Els\u0151 h\u00fart\u00f3l a zen\u00e9ig!&quot;\",\"publisher\":{\"@id\":\"https:\\\/\\\/gitartanarfehervar.hu\\\/#\\\/schema\\\/person\\\/9ddcd109d9cec73a992f686d8989856e\"},\"potentialAction\":[{\"@type\":\"SearchAction\",\"target\":{\"@type\":\"EntryPoint\",\"urlTemplate\":\"https:\\\/\\\/gitartanarfehervar.hu\\\/?s={search_term_string}\"},\"query-input\":{\"@type\":\"PropertyValueSpecification\",\"valueRequired\":true,\"valueName\":\"search_term_string\"}}],\"inLanguage\":\"hu\"},{\"@type\":[\"Person\",\"Organization\"],\"@id\":\"https:\\\/\\\/gitartanarfehervar.hu\\\/#\\\/schema\\\/person\\\/9ddcd109d9cec73a992f686d8989856e\",\"name\":\"admin\",\"image\":{\"@type\":\"ImageObject\",\"inLanguage\":\"hu\",\"@id\":\"https:\\\/\\\/gitartanarfehervar.hu\\\/wp-content\\\/uploads\\\/2024\\\/12\\\/Gitartanar.png\",\"url\":\"https:\\\/\\\/gitartanarfehervar.hu\\\/wp-content\\\/uploads\\\/2024\\\/12\\\/Gitartanar.png\",\"contentUrl\":\"https:\\\/\\\/gitartanarfehervar.hu\\\/wp-content\\\/uploads\\\/2024\\\/12\\\/Gitartanar.png\",\"width\":500,\"height\":500,\"caption\":\"admin\"},\"logo\":{\"@id\":\"https:\\\/\\\/gitartanarfehervar.hu\\\/wp-content\\\/uploads\\\/2024\\\/12\\\/Gitartanar.png\"},\"sameAs\":[\"https:\\\/\\\/gitartanarfehervar.hu\",\"https:\\\/\\\/www.facebook.com\\\/nemeth.miklos.967\",\"https:\\\/\\\/www.youtube.com\\\/@gitartanarfehervar\"]}]}<\/script>\n<!-- \/ Yoast SEO plugin. -->","yoast_head_json":{"title":"Impresszum - Git\u00e1rtan\u00e1r Feh\u00e9rv\u00e1ron","description":"Impresszum. Tulajdonos, adatkezel\u0151 szem\u00e9ly\u00e9vel kapcsolatos inform\u00e1ci\u00f3k. Olvassa el ezeket a fontos inform\u00e1ci\u00f3kat.","robots":{"index":"index","follow":"follow","max-snippet":"max-snippet:-1","max-image-preview":"max-image-preview:large","max-video-preview":"max-video-preview:-1"},"canonical":"https:\/\/gitartanarfehervar.hu\/index.php\/impresszum\/","og_locale":"hu_HU","og_type":"article","og_title":"Impresszum - Git\u00e1rtan\u00e1r Feh\u00e9rv\u00e1ron","og_description":"Impresszum. Tulajdonos, adatkezel\u0151 szem\u00e9ly\u00e9vel kapcsolatos inform\u00e1ci\u00f3k. Olvassa el ezeket a fontos inform\u00e1ci\u00f3kat.","og_url":"https:\/\/gitartanarfehervar.hu\/index.php\/impresszum\/","og_site_name":"Git\u00e1rtan\u00e1r Feh\u00e9rv\u00e1ron","article_publisher":"https:\/\/www.facebook.com\/nemeth.miklos.967","article_modified_time":"2024-12-25T18:16:40+00:00","twitter_card":"summary_large_image","twitter_misc":{"Becs\u00fclt olvas\u00e1si id\u0151":"1 perc"},"schema":{"@context":"https:\/\/schema.org","@graph":[{"@type":"WebPage","@id":"https:\/\/gitartanarfehervar.hu\/index.php\/impresszum\/","url":"https:\/\/gitartanarfehervar.hu\/index.php\/impresszum\/","name":"Impresszum - Git\u00e1rtan\u00e1r Feh\u00e9rv\u00e1ron","isPartOf":{"@id":"https:\/\/gitartanarfehervar.hu\/#website"},"datePublished":"2024-12-22T15:20:44+00:00","dateModified":"2024-12-25T18:16:40+00:00","description":"Impresszum. Tulajdonos, adatkezel\u0151 szem\u00e9ly\u00e9vel kapcsolatos inform\u00e1ci\u00f3k. Olvassa el ezeket a fontos inform\u00e1ci\u00f3kat.","breadcrumb":{"@id":"https:\/\/gitartanarfehervar.hu\/index.php\/impresszum\/#breadcrumb"},"inLanguage":"hu","potentialAction":[{"@type":"ReadAction","target":["https:\/\/gitartanarfehervar.hu\/index.php\/impresszum\/"]}]},{"@type":"BreadcrumbList","@id":"https:\/\/gitartanarfehervar.hu\/index.php\/impresszum\/#breadcrumb","itemListElement":[{"@type":"ListItem","position":1,"name":"Kezd\u0151lap","item":"https:\/\/gitartanarfehervar.hu\/"},{"@type":"ListItem","position":2,"name":"Impresszum"}]},{"@type":"WebSite","@id":"https:\/\/gitartanarfehervar.hu\/#website","url":"https:\/\/gitartanarfehervar.hu\/","name":"Git\u00e1rtan\u00e1r Feh\u00e9rv\u00e1ron","description":"&quot;Els\u0151 h\u00fart\u00f3l a zen\u00e9ig!&quot;","publisher":{"@id":"https:\/\/gitartanarfehervar.hu\/#\/schema\/person\/9ddcd109d9cec73a992f686d8989856e"},"potentialAction":[{"@type":"SearchAction","target":{"@type":"EntryPoint","urlTemplate":"https:\/\/gitartanarfehervar.hu\/?s={search_term_string}"},"query-input":{"@type":"PropertyValueSpecification","valueRequired":true,"valueName":"search_term_string"}}],"inLanguage":"hu"},{"@type":["Person","Organization"],"@id":"https:\/\/gitartanarfehervar.hu\/#\/schema\/person\/9ddcd109d9cec73a992f686d8989856e","name":"admin","image":{"@type":"ImageObject","inLanguage":"hu","@id":"https:\/\/gitartanarfehervar.hu\/wp-content\/uploads\/2024\/12\/Gitartanar.png","url":"https:\/\/gitartanarfehervar.hu\/wp-content\/uploads\/2024\/12\/Gitartanar.png","contentUrl":"https:\/\/gitartanarfehervar.hu\/wp-content\/uploads\/2024\/12\/Gitartanar.png","width":500,"height":500,"caption":"admin"},"logo":{"@id":"https:\/\/gitartanarfehervar.hu\/wp-content\/uploads\/2024\/12\/Gitartanar.png"},"sameAs":["https:\/\/gitartanarfehervar.hu","https:\/\/www.facebook.com\/nemeth.miklos.967","https:\/\/www.youtube.com\/@gitartanarfehervar"]}]}},"jetpack_sharing_enabled":true,"_links":{"self":[{"href":"https:\/\/gitartanarfehervar.hu\/index.php\/wp-json\/wp\/v2\/pages\/211","targetHints":{"allow":["GET"]}}],"collection":[{"href":"https:\/\/gitartanarfehervar.hu\/index.php\/wp-json\/wp\/v2\/pages"}],"about":[{"href":"https:\/\/gitartanarfehervar.hu\/index.php\/wp-json\/wp\/v2\/types\/page"}],"author":[{"embeddable":true,"href":"https:\/\/gitartanarfehervar.hu\/index.php\/wp-json\/wp\/v2\/users\/1"}],"replies":[{"embeddable":true,"href":"https:\/\/gitartanarfehervar.hu\/index.php\/wp-json\/wp\/v2\/comments?post=211"}],"version-history":[{"count":6,"href":"https:\/\/gitartanarfehervar.hu\/index.php\/wp-json\/wp\/v2\/pages\/211\/revisions"}],"predecessor-version":[{"id":272,"href":"https:\/\/gitartanarfehervar.hu\/index.php\/wp-json\/wp\/v2\/pages\/211\/revisions\/272"}],"wp:attachment":[{"href":"https:\/\/gitartanarfehervar.hu\/index.php\/wp-json\/wp\/v2\/media?parent=211"}],"curies":[{"name":"wp","href":"https:\/\/api.w.org\/{rel}","templated":true}]}}